{"id":580,"date":"2017-05-16T15:24:09","date_gmt":"2017-05-16T13:24:09","guid":{"rendered":"https:\/\/rijekatrails.moleku.la\/pletenac\/?page_id=580\/"},"modified":"2017-05-16T15:24:09","modified_gmt":"2017-05-16T13:24:09","slug":"contact","status":"publish","type":"page","link":"https:\/\/rijekatrails.com\/en\/contact\/","title":{"rendered":"Contact"},"content":{"rendered":"<div class=\"half-left\">\n<h5 style=\"text-align: left;\">TZ grada Kastva<\/h5>\n<p style=\"text-align: left;\">Trg Matka Laginje 5 &#8211; 51215 Kastav<br \/>\n+385 51 691 425<br \/>\ntz.grada.kastva@ri.t-com.hr<\/p>\n<h5 style=\"text-align: left;\">Op\u0107ina Klana<\/h5>\n<p style=\"text-align: left;\">Klana 33 &#8211; 51217 Klana<br \/>\n+385 51 808 205<br \/>\nprocelnik@klana.hr<\/p>\n<h5 style=\"text-align: left;\">TZ op\u0107ine Vi\u0161kovo<\/h5>\n<p style=\"text-align: left;\">Vi\u0161kovo 31 &#8211; 51216 Vi\u0161kovo<br \/>\n+385 51 257 591<br \/>\ninfo@tz-viskovo.hr<\/p>\n<h5 style=\"text-align: left;\">TZ grada Rijeke<\/h5>\n<p style=\"text-align: left;\">Korzo 14 &#8211; 51000 Rijeka<br \/>\n+385 51 335 882<br \/>\ninfo@visitRijeka.hr<\/p>\n<h5 style=\"text-align: left;\">TZ op\u0107ine Jelenje<\/h5>\n<p style=\"text-align: left;\">Dra\u017ei\u010dkih boraca 64 &#8211; 51218 Jelenje<br \/>\n+385 51 297 152<br \/>\ntz.jelenje@gmail.com<\/p>\n<\/div>\n<div class=\"half-right\">\n<h5 style=\"text-align: left;\">TZ op\u0107ine \u010cavle<\/h5>\n<p style=\"text-align: left;\">\u010cavja 17 &#8211; 51219 \u010cavle<br \/>\n+385 51 549 120<br \/>\ninfo@tz-cavle.hr<\/p>\n<h5 style=\"text-align: left;\">TZ op\u0107ine Kostrena<\/h5>\n<p style=\"text-align: left;\">Kostrenskih boraca 1A &#8211; 51221 Kostrena<br \/>\n+385 51 289 207<br \/>\ninfo@tzo-kostrena.hr<\/p>\n<h5 style=\"text-align: left;\">TZ grada Bakra<\/h5>\n<p style=\"text-align: left;\">Primorje 39 &#8211; 51222 Bakar<br \/>\n+385 51 761 111<br \/>\ninfo@tz-bakar.hr<\/p>\n<h5 style=\"text-align: left;\">TZ grada Kraljevice<\/h5>\n<p style=\"text-align: left;\">Rovina 6 &#8211; 51262 Kraljevica<br \/>\n+385 51 282 078<br \/>\ninfo@tzg-kraljevica.hr<\/p>\n<\/div>\n","protected":false},"excerpt":{"rendered":"<p>TZ grada Kastva Trg Matka Laginje 5 &#8211; 51215 Kastav +385 51 691 425 tz.grada.kastva@ri.t-com.hr Op\u0107ina Klana Klana 33 &#8211; 51217 Klana +385 51 808 205 procelnik@klana.hr TZ op\u0107ine Vi\u0161kovo Vi\u0161kovo 31 &#8211; 51216 Vi\u0161kovo +385 51 257 591 info@tz-viskovo.hr TZ grada Rijeke Korzo 14 &#8211; 51000 Rijeka +385 51 335 882 info@visitRijeka.hr TZ op\u0107ine [&hellip;]<\/p>\n","protected":false},"author":1,"featured_media":993,"parent":0,"menu_order":0,"comment_status":"closed","ping_status":"closed","template":"","meta":{"_acf_changed":false,"footnotes":""},"class_list":["post-580","page","type-page","status-publish","has-post-thumbnail","hentry"],"acf":[],"jetpack_sharing_enabled":true,"_links":{"self":[{"href":"https:\/\/rijekatrails.com\/en\/wp-json\/wp\/v2\/pages\/580","targetHints":{"allow":["GET"]}}],"collection":[{"href":"https:\/\/rijekatrails.com\/en\/wp-json\/wp\/v2\/pages"}],"about":[{"href":"https:\/\/rijekatrails.com\/en\/wp-json\/wp\/v2\/types\/page"}],"author":[{"embeddable":true,"href":"https:\/\/rijekatrails.com\/en\/wp-json\/wp\/v2\/users\/1"}],"replies":[{"embeddable":true,"href":"https:\/\/rijekatrails.com\/en\/wp-json\/wp\/v2\/comments?post=580"}],"version-history":[{"count":1,"href":"https:\/\/rijekatrails.com\/en\/wp-json\/wp\/v2\/pages\/580\/revisions"}],"predecessor-version":[{"id":581,"href":"https:\/\/rijekatrails.com\/en\/wp-json\/wp\/v2\/pages\/580\/revisions\/581"}],"wp:featuredmedia":[{"embeddable":true,"href":"https:\/\/rijekatrails.com\/en\/wp-json\/wp\/v2\/media\/993"}],"wp:attachment":[{"href":"https:\/\/rijekatrails.com\/en\/wp-json\/wp\/v2\/media?parent=580"}],"curies":[{"name":"wp","href":"https:\/\/api.w.org\/{rel}","templated":true}]}}